{"id":17,"date":"2023-12-04T15:20:55","date_gmt":"2023-12-04T14:20:55","guid":{"rendered":"https:\/\/ferto-hansag.effixdev.com\/?page_id=17"},"modified":"2024-02-25T11:48:44","modified_gmt":"2024-02-25T10:48:44","slug":"programok-vizen-es-szarazon","status":"publish","type":"page","link":"https:\/\/ferto-hansag.effixdev.com\/de\/programok-vizen-es-szarazon\/","title":{"rendered":"Programme zu Wasser und auf dem Land"},"content":{"rendered":"<p>Durch die Organisation verschiedener \u00f6kotouristischen Programme bietet die Direktion des Fert\u0151-Hans\u00e1g-Nationalparks Interessierten die M\u00f6glichkeit, eine bestimmte Landschaft, ihre nat\u00fcrlichen Werte und ihre reiche Flora und Fauna so gut wie m\u00f6glich kennenzulernen. Es lohnt sich, unsere Website st\u00e4ndig im Auge zu behalten oder sich \u00fcber unsere Kontaktdaten nach unseren aktuell angek\u00fcndigten Startprogrammen zu erkundigen. F\u00fcr Gruppen besteht selbstverst\u00e4ndlich die M\u00f6glichkeit, eine F\u00fchrung zu einem vorher vereinbarten Zeitpunkt anzufordern.<\/p>\n<p>Unsere optionalen Programme sind vielf\u00e4ltig. Vom Soproner-Gebirge bis zu den Gebieten Neusiedler See und Hans\u00e1g, in den Schutzgebieten von Szigetk\u00f6z und Pannonhalma bieten wir unterhaltsame Freizeitaktivit\u00e4ten sowohl auf dem Wasser als auch an Land. Unser Angebot umfasst Kanufahren und E-Segeln sowie Landwanderungen, Vogelbeobachtungen, Moorhuhnjagden, Rad- und Wandertouren, sodass jedes Alter ein Programm finden kann, das seinen Interessen entspricht.<\/p>\n<p>Unsere Programme zu Wasser und an Land sind beliebte Orte f\u00fcr Schulklassen, Klassenfahrten, Familien- und Freundesprogramme sowie Teambuilding-Trainings.<\/p>\n<p>F\u00fcr jede Tour wird empfohlen, bequeme Kleidung und Schuhwerk zu tragen, die dem Wetter und der Art des Programms angepasst sind.<\/p>\n<p><strong>Wir hoffen, Ihnen bald als Teilnehmer eines unserer Programme danken zu k\u00f6nnen!<\/strong><\/p>","protected":false},"excerpt":{"rendered":"<p>Durch die Organisation verschiedener \u00f6kotouristischen Programme bietet die Direktion des Fert\u0151-Hans\u00e1g-Nationalparks Interessierten die M\u00f6glichkeit, eine bestimmte Landschaft, ihre nat\u00fcrlichen Werte&#8230;<\/p>\n","protected":false},"author":1,"featured_media":0,"parent":0,"menu_order":11,"comment_status":"closed","ping_status":"closed","template":"","meta":{"footnotes":""},"class_list":["post-17","page","type-page","status-publish","hentry"],"_links":{"self":[{"href":"https:\/\/ferto-hansag.effixdev.com\/de\/wp-json\/wp\/v2\/pages\/17","targetHints":{"allow":["GET"]}}],"collection":[{"href":"https:\/\/ferto-hansag.effixdev.com\/de\/wp-json\/wp\/v2\/pages"}],"about":[{"href":"https:\/\/ferto-hansag.effixdev.com\/de\/wp-json\/wp\/v2\/types\/page"}],"author":[{"embeddable":true,"href":"https:\/\/ferto-hansag.effixdev.com\/de\/wp-json\/wp\/v2\/users\/1"}],"replies":[{"embeddable":true,"href":"https:\/\/ferto-hansag.effixdev.com\/de\/wp-json\/wp\/v2\/comments?post=17"}],"version-history":[{"count":15,"href":"https:\/\/ferto-hansag.effixdev.com\/de\/wp-json\/wp\/v2\/pages\/17\/revisions"}],"predecessor-version":[{"id":309,"href":"https:\/\/ferto-hansag.effixdev.com\/de\/wp-json\/wp\/v2\/pages\/17\/revisions\/309"}],"wp:attachment":[{"href":"https:\/\/ferto-hansag.effixdev.com\/de\/wp-json\/wp\/v2\/media?parent=17"}],"curies":[{"name":"wp","href":"https:\/\/api.w.org\/{rel}","templated":true}]}}