{"id":159,"date":"2024-02-15T13:17:55","date_gmt":"2024-02-15T12:17:55","guid":{"rendered":"https:\/\/ferto-hansag.effixdev.com\/?page_id=159"},"modified":"2024-02-21T16:06:41","modified_gmt":"2024-02-21T15:06:41","slug":"forrasok","status":"publish","type":"page","link":"https:\/\/ferto-hansag.effixdev.com\/en\/forrasok\/","title":{"rendered":"Sources"},"content":{"rendered":"<p><\/p>\n<h2>Source markings of photographs used in the &#8220;Playful nature&#8221; menu item<\/h2>\n<figure id=\"attachment_243\" aria-describedby=\"caption-attachment-243\" style=\"width: 667px\" class=\"wp-caption alignnone\"><img loading=\"lazy\" decoding=\"async\" class=\"wp-image-243 size-full\" src=\"https:\/\/ferto-hansag.effixdev.com\/wp-content\/uploads\/2024\/02\/tozikes.jpg\" alt=\"\" width=\"667\" height=\"667\" srcset=\"https:\/\/ferto-hansag.effixdev.com\/wp-content\/uploads\/2024\/02\/tozikes.jpg 667w, https:\/\/ferto-hansag.effixdev.com\/wp-content\/uploads\/2024\/02\/tozikes-300x300.jpg 300w, https:\/\/ferto-hansag.effixdev.com\/wp-content\/uploads\/2024\/02\/tozikes-150x150.jpg 150w\" sizes=\"auto, (max-width: 667px) 100vw, 667px\" \/><figcaption id=\"caption-attachment-243\" class=\"wp-caption-text\">\u00a9 Kudich Zsolt, Zsirmon R\u00e9ka<\/figcaption><\/figure>\n<figure id=\"attachment_242\" aria-describedby=\"caption-attachment-242\" style=\"width: 640px\" class=\"wp-caption alignnone\"><img loading=\"lazy\" decoding=\"async\" class=\"wp-image-242 size-large\" src=\"https:\/\/ferto-hansag.effixdev.com\/wp-content\/uploads\/2024\/02\/kocsagvar-1024x1024.jpg\" alt=\"\" width=\"640\" height=\"640\" srcset=\"https:\/\/ferto-hansag.effixdev.com\/wp-content\/uploads\/2024\/02\/kocsagvar-1024x1024.jpg 1024w, https:\/\/ferto-hansag.effixdev.com\/wp-content\/uploads\/2024\/02\/kocsagvar-300x300.jpg 300w, https:\/\/ferto-hansag.effixdev.com\/wp-content\/uploads\/2024\/02\/kocsagvar-150x150.jpg 150w, https:\/\/ferto-hansag.effixdev.com\/wp-content\/uploads\/2024\/02\/kocsagvar-768x768.jpg 768w, https:\/\/ferto-hansag.effixdev.com\/wp-content\/uploads\/2024\/02\/kocsagvar-1536x1536.jpg 1536w, https:\/\/ferto-hansag.effixdev.com\/wp-content\/uploads\/2024\/02\/kocsagvar.jpg 1600w\" sizes=\"auto, (max-width: 640px) 100vw, 640px\" \/><figcaption id=\"caption-attachment-242\" class=\"wp-caption-text\">\u00a9 Kugler P\u00e9ter, FHNP<\/figcaption><\/figure>\n<figure id=\"attachment_241\" aria-describedby=\"caption-attachment-241\" style=\"width: 640px\" class=\"wp-caption alignnone\"><img loading=\"lazy\" decoding=\"async\" class=\"wp-image-241 size-large\" src=\"https:\/\/ferto-hansag.effixdev.com\/wp-content\/uploads\/2024\/02\/fulesbagoly-1024x1024.jpg\" alt=\"\" width=\"640\" height=\"640\" srcset=\"https:\/\/ferto-hansag.effixdev.com\/wp-content\/uploads\/2024\/02\/fulesbagoly-1024x1024.jpg 1024w, https:\/\/ferto-hansag.effixdev.com\/wp-content\/uploads\/2024\/02\/fulesbagoly-300x300.jpg 300w, https:\/\/ferto-hansag.effixdev.com\/wp-content\/uploads\/2024\/02\/fulesbagoly-150x150.jpg 150w, https:\/\/ferto-hansag.effixdev.com\/wp-content\/uploads\/2024\/02\/fulesbagoly-768x768.jpg 768w, https:\/\/ferto-hansag.effixdev.com\/wp-content\/uploads\/2024\/02\/fulesbagoly.jpg 1245w\" sizes=\"auto, (max-width: 640px) 100vw, 640px\" \/><figcaption id=\"caption-attachment-241\" class=\"wp-caption-text\">\u00a9 B\u00f3ka Zsuzsa<\/figcaption><\/figure>\n<figure id=\"attachment_223\" aria-describedby=\"caption-attachment-223\" style=\"width: 600px\" class=\"wp-caption alignnone\"><img loading=\"lazy\" decoding=\"async\" class=\"wp-image-223 size-full\" src=\"https:\/\/ferto-hansag.effixdev.com\/wp-content\/uploads\/2024\/02\/4_kozonseges_boglarka.jpg\" alt=\"\" width=\"600\" height=\"399\" srcset=\"https:\/\/ferto-hansag.effixdev.com\/wp-content\/uploads\/2024\/02\/4_kozonseges_boglarka.jpg 600w, https:\/\/ferto-hansag.effixdev.com\/wp-content\/uploads\/2024\/02\/4_kozonseges_boglarka-300x200.jpg 300w\" sizes=\"auto, (max-width: 600px) 100vw, 600px\" \/><figcaption id=\"caption-attachment-223\" class=\"wp-caption-text\">\u00a9 Hadarics Tibor<\/figcaption><\/figure>\n<figure id=\"attachment_224\" aria-describedby=\"caption-attachment-224\" style=\"width: 600px\" class=\"wp-caption alignnone\"><img loading=\"lazy\" decoding=\"async\" class=\"wp-image-224 size-full\" src=\"https:\/\/ferto-hansag.effixdev.com\/wp-content\/uploads\/2024\/02\/5_tengelic.jpg\" alt=\"\" width=\"600\" height=\"400\" srcset=\"https:\/\/ferto-hansag.effixdev.com\/wp-content\/uploads\/2024\/02\/5_tengelic.jpg 600w, https:\/\/ferto-hansag.effixdev.com\/wp-content\/uploads\/2024\/02\/5_tengelic-300x200.jpg 300w\" sizes=\"auto, (max-width: 600px) 100vw, 600px\" \/><figcaption id=\"caption-attachment-224\" class=\"wp-caption-text\">\u00a9 Kudich Zsolt \u00e9s Zsirmon R\u00e9ka<\/figcaption><\/figure>\n<figure id=\"attachment_225\" aria-describedby=\"caption-attachment-225\" style=\"width: 600px\" class=\"wp-caption alignnone\"><img loading=\"lazy\" decoding=\"async\" class=\"wp-image-225 size-full\" src=\"https:\/\/ferto-hansag.effixdev.com\/wp-content\/uploads\/2024\/02\/6_zold_varangy.jpg\" alt=\"\" width=\"600\" height=\"400\" srcset=\"https:\/\/ferto-hansag.effixdev.com\/wp-content\/uploads\/2024\/02\/6_zold_varangy.jpg 600w, https:\/\/ferto-hansag.effixdev.com\/wp-content\/uploads\/2024\/02\/6_zold_varangy-300x200.jpg 300w\" sizes=\"auto, (max-width: 600px) 100vw, 600px\" \/><figcaption id=\"caption-attachment-225\" class=\"wp-caption-text\">\u00a9 Pellinger Attila<\/figcaption><\/figure>\n<figure id=\"attachment_226\" aria-describedby=\"caption-attachment-226\" style=\"width: 600px\" class=\"wp-caption alignnone\"><img loading=\"lazy\" decoding=\"async\" class=\"wp-image-226 size-full\" src=\"https:\/\/ferto-hansag.effixdev.com\/wp-content\/uploads\/2024\/02\/7_fekete_kokorcsin.jpg\" alt=\"\" width=\"600\" height=\"400\" srcset=\"https:\/\/ferto-hansag.effixdev.com\/wp-content\/uploads\/2024\/02\/7_fekete_kokorcsin.jpg 600w, https:\/\/ferto-hansag.effixdev.com\/wp-content\/uploads\/2024\/02\/7_fekete_kokorcsin-300x200.jpg 300w\" sizes=\"auto, (max-width: 600px) 100vw, 600px\" \/><figcaption id=\"caption-attachment-226\" class=\"wp-caption-text\">\u00a9 Tak\u00e1cs G\u00e1bor<\/figcaption><\/figure>\n<figure id=\"attachment_227\" aria-describedby=\"caption-attachment-227\" style=\"width: 600px\" class=\"wp-caption alignnone\"><img loading=\"lazy\" decoding=\"async\" class=\"wp-image-227 size-full\" src=\"https:\/\/ferto-hansag.effixdev.com\/wp-content\/uploads\/2024\/02\/8_barkoscinege.jpg\" alt=\"\" width=\"600\" height=\"400\" srcset=\"https:\/\/ferto-hansag.effixdev.com\/wp-content\/uploads\/2024\/02\/8_barkoscinege.jpg 600w, https:\/\/ferto-hansag.effixdev.com\/wp-content\/uploads\/2024\/02\/8_barkoscinege-300x200.jpg 300w\" sizes=\"auto, (max-width: 600px) 100vw, 600px\" \/><figcaption id=\"caption-attachment-227\" class=\"wp-caption-text\">\u00a9 Hadarics Tibor<\/figcaption><\/figure>\n<figure id=\"attachment_228\" aria-describedby=\"caption-attachment-228\" style=\"width: 600px\" class=\"wp-caption alignnone\"><img loading=\"lazy\" decoding=\"async\" class=\"wp-image-228 size-full\" src=\"https:\/\/ferto-hansag.effixdev.com\/wp-content\/uploads\/2024\/02\/9_nyari_lud.jpg\" alt=\"\" width=\"600\" height=\"400\" srcset=\"https:\/\/ferto-hansag.effixdev.com\/wp-content\/uploads\/2024\/02\/9_nyari_lud.jpg 600w, https:\/\/ferto-hansag.effixdev.com\/wp-content\/uploads\/2024\/02\/9_nyari_lud-300x200.jpg 300w\" sizes=\"auto, (max-width: 600px) 100vw, 600px\" \/><figcaption id=\"caption-attachment-228\" class=\"wp-caption-text\">\u00a9 Hadarics Tibor<\/figcaption><\/figure>\n<figure id=\"attachment_229\" aria-describedby=\"caption-attachment-229\" style=\"width: 600px\" class=\"wp-caption alignnone\"><img loading=\"lazy\" decoding=\"async\" class=\"wp-image-229 size-full\" src=\"https:\/\/ferto-hansag.effixdev.com\/wp-content\/uploads\/2024\/02\/10_europai_vidra.jpg\" alt=\"\" width=\"600\" height=\"399\" srcset=\"https:\/\/ferto-hansag.effixdev.com\/wp-content\/uploads\/2024\/02\/10_europai_vidra.jpg 600w, https:\/\/ferto-hansag.effixdev.com\/wp-content\/uploads\/2024\/02\/10_europai_vidra-300x200.jpg 300w\" sizes=\"auto, (max-width: 600px) 100vw, 600px\" \/><figcaption id=\"caption-attachment-229\" class=\"wp-caption-text\">\u00a9 Kudich Zsolt \u00e9s Zsirmon R\u00e9ka<\/figcaption><\/figure>\n<figure id=\"attachment_230\" aria-describedby=\"caption-attachment-230\" style=\"width: 600px\" class=\"wp-caption alignnone\"><img loading=\"lazy\" decoding=\"async\" class=\"wp-image-230 size-full\" src=\"https:\/\/ferto-hansag.effixdev.com\/wp-content\/uploads\/2024\/02\/11_hovirag.jpg\" alt=\"\" width=\"600\" height=\"400\" srcset=\"https:\/\/ferto-hansag.effixdev.com\/wp-content\/uploads\/2024\/02\/11_hovirag.jpg 600w, https:\/\/ferto-hansag.effixdev.com\/wp-content\/uploads\/2024\/02\/11_hovirag-300x200.jpg 300w\" sizes=\"auto, (max-width: 600px) 100vw, 600px\" \/><figcaption id=\"caption-attachment-230\" class=\"wp-caption-text\">\u00a9 Kudich Zsolt \u00e9s Zsirmon R\u00e9ka<\/figcaption><\/figure>\n<figure id=\"attachment_231\" aria-describedby=\"caption-attachment-231\" style=\"width: 600px\" class=\"wp-caption alignnone\"><img loading=\"lazy\" decoding=\"async\" class=\"wp-image-231 size-full\" src=\"https:\/\/ferto-hansag.effixdev.com\/wp-content\/uploads\/2024\/02\/12_foltos_szalamandra.jpg\" alt=\"\" width=\"600\" height=\"400\" srcset=\"https:\/\/ferto-hansag.effixdev.com\/wp-content\/uploads\/2024\/02\/12_foltos_szalamandra.jpg 600w, https:\/\/ferto-hansag.effixdev.com\/wp-content\/uploads\/2024\/02\/12_foltos_szalamandra-300x200.jpg 300w\" sizes=\"auto, (max-width: 600px) 100vw, 600px\" \/><figcaption id=\"caption-attachment-231\" class=\"wp-caption-text\">\u00a9 Tak\u00e1cs G\u00e1bor<\/figcaption><\/figure>\n<figure id=\"attachment_232\" aria-describedby=\"caption-attachment-232\" style=\"width: 600px\" class=\"wp-caption alignnone\"><img loading=\"lazy\" decoding=\"async\" class=\"wp-image-232 size-full\" src=\"https:\/\/ferto-hansag.effixdev.com\/wp-content\/uploads\/2024\/02\/13_vizi_bivaly.jpg\" alt=\"\" width=\"600\" height=\"400\" srcset=\"https:\/\/ferto-hansag.effixdev.com\/wp-content\/uploads\/2024\/02\/13_vizi_bivaly.jpg 600w, https:\/\/ferto-hansag.effixdev.com\/wp-content\/uploads\/2024\/02\/13_vizi_bivaly-300x200.jpg 300w\" sizes=\"auto, (max-width: 600px) 100vw, 600px\" \/><figcaption id=\"caption-attachment-232\" class=\"wp-caption-text\">\u00a9 Goda Istv\u00e1n<\/figcaption><\/figure>\n<figure id=\"attachment_233\" aria-describedby=\"caption-attachment-233\" style=\"width: 600px\" class=\"wp-caption alignnone\"><img loading=\"lazy\" decoding=\"async\" class=\"wp-image-233 size-full\" src=\"https:\/\/ferto-hansag.effixdev.com\/wp-content\/uploads\/2024\/02\/14_golyatocs.jpg\" alt=\"\" width=\"600\" height=\"400\" srcset=\"https:\/\/ferto-hansag.effixdev.com\/wp-content\/uploads\/2024\/02\/14_golyatocs.jpg 600w, https:\/\/ferto-hansag.effixdev.com\/wp-content\/uploads\/2024\/02\/14_golyatocs-300x200.jpg 300w\" sizes=\"auto, (max-width: 600px) 100vw, 600px\" \/><figcaption id=\"caption-attachment-233\" class=\"wp-caption-text\">\u00a9 Hadarics Tibor<\/figcaption><\/figure>\n<figure id=\"attachment_234\" aria-describedby=\"caption-attachment-234\" style=\"width: 600px\" class=\"wp-caption alignnone\"><img loading=\"lazy\" decoding=\"async\" class=\"wp-image-234 size-full\" src=\"https:\/\/ferto-hansag.effixdev.com\/wp-content\/uploads\/2024\/02\/15_urge.jpg\" alt=\"\" width=\"600\" height=\"400\" srcset=\"https:\/\/ferto-hansag.effixdev.com\/wp-content\/uploads\/2024\/02\/15_urge.jpg 600w, https:\/\/ferto-hansag.effixdev.com\/wp-content\/uploads\/2024\/02\/15_urge-300x200.jpg 300w\" sizes=\"auto, (max-width: 600px) 100vw, 600px\" \/><figcaption id=\"caption-attachment-234\" class=\"wp-caption-text\">\u00a9 Pellinger Attila<\/figcaption><\/figure>\n<figure id=\"attachment_235\" aria-describedby=\"caption-attachment-235\" style=\"width: 600px\" class=\"wp-caption alignnone\"><img loading=\"lazy\" decoding=\"async\" class=\"wp-image-235 size-full\" src=\"https:\/\/ferto-hansag.effixdev.com\/wp-content\/uploads\/2024\/02\/16_rakosi_vipera.jpg\" alt=\"\" width=\"600\" height=\"416\" srcset=\"https:\/\/ferto-hansag.effixdev.com\/wp-content\/uploads\/2024\/02\/16_rakosi_vipera.jpg 600w, https:\/\/ferto-hansag.effixdev.com\/wp-content\/uploads\/2024\/02\/16_rakosi_vipera-300x208.jpg 300w\" sizes=\"auto, (max-width: 600px) 100vw, 600px\" \/><figcaption id=\"caption-attachment-235\" class=\"wp-caption-text\">\u00a9 Pellinger Attila<\/figcaption><\/figure>\n<figure id=\"attachment_236\" aria-describedby=\"caption-attachment-236\" style=\"width: 450px\" class=\"wp-caption alignnone\"><img loading=\"lazy\" decoding=\"async\" class=\"wp-image-236 size-full\" src=\"https:\/\/ferto-hansag.effixdev.com\/wp-content\/uploads\/2024\/02\/1_voros_gem.jpg\" alt=\"\" width=\"450\" height=\"600\" srcset=\"https:\/\/ferto-hansag.effixdev.com\/wp-content\/uploads\/2024\/02\/1_voros_gem.jpg 450w, https:\/\/ferto-hansag.effixdev.com\/wp-content\/uploads\/2024\/02\/1_voros_gem-225x300.jpg 225w\" sizes=\"auto, (max-width: 450px) 100vw, 450px\" \/><figcaption id=\"caption-attachment-236\" class=\"wp-caption-text\">\u00a9 Horv\u00e1th M\u00e1ty\u00e1s<\/figcaption><\/figure>\n<figure id=\"attachment_237\" aria-describedby=\"caption-attachment-237\" style=\"width: 600px\" class=\"wp-caption alignnone\"><img loading=\"lazy\" decoding=\"async\" class=\"wp-image-237 size-full\" src=\"https:\/\/ferto-hansag.effixdev.com\/wp-content\/uploads\/2024\/02\/2_kecskebeka.jpg\" alt=\"\" width=\"600\" height=\"400\" srcset=\"https:\/\/ferto-hansag.effixdev.com\/wp-content\/uploads\/2024\/02\/2_kecskebeka.jpg 600w, https:\/\/ferto-hansag.effixdev.com\/wp-content\/uploads\/2024\/02\/2_kecskebeka-300x200.jpg 300w\" sizes=\"auto, (max-width: 600px) 100vw, 600px\" \/><figcaption id=\"caption-attachment-237\" class=\"wp-caption-text\">\u00a9 Reinhoffer Istv\u00e1n<\/figcaption><\/figure>\n<p><figure id=\"attachment_238\" aria-describedby=\"caption-attachment-238\" style=\"width: 600px\" class=\"wp-caption alignnone\"><img loading=\"lazy\" decoding=\"async\" class=\"wp-image-238 size-full\" src=\"https:\/\/ferto-hansag.effixdev.com\/wp-content\/uploads\/2024\/02\/3_magyar_rackajuh.jpg\" alt=\"\" width=\"600\" height=\"400\" srcset=\"https:\/\/ferto-hansag.effixdev.com\/wp-content\/uploads\/2024\/02\/3_magyar_rackajuh.jpg 600w, https:\/\/ferto-hansag.effixdev.com\/wp-content\/uploads\/2024\/02\/3_magyar_rackajuh-300x200.jpg 300w\" sizes=\"auto, (max-width: 600px) 100vw, 600px\" \/><figcaption id=\"caption-attachment-238\" class=\"wp-caption-text\">\u00a9 Goda Istv\u00e1n<\/figcaption><\/figure><\/p>","protected":false},"excerpt":{"rendered":"<p>Source markings of photographs used in the &#8220;Playful nature&#8221; menu item<\/p>\n","protected":false},"author":1,"featured_media":0,"parent":0,"menu_order":1,"comment_status":"closed","ping_status":"closed","template":"","meta":{"footnotes":""},"class_list":["post-159","page","type-page","status-publish","hentry"],"_links":{"self":[{"href":"https:\/\/ferto-hansag.effixdev.com\/en\/wp-json\/wp\/v2\/pages\/159","targetHints":{"allow":["GET"]}}],"collection":[{"href":"https:\/\/ferto-hansag.effixdev.com\/en\/wp-json\/wp\/v2\/pages"}],"about":[{"href":"https:\/\/ferto-hansag.effixdev.com\/en\/wp-json\/wp\/v2\/types\/page"}],"author":[{"embeddable":true,"href":"https:\/\/ferto-hansag.effixdev.com\/en\/wp-json\/wp\/v2\/users\/1"}],"replies":[{"embeddable":true,"href":"https:\/\/ferto-hansag.effixdev.com\/en\/wp-json\/wp\/v2\/comments?post=159"}],"version-history":[{"count":14,"href":"https:\/\/ferto-hansag.effixdev.com\/en\/wp-json\/wp\/v2\/pages\/159\/revisions"}],"predecessor-version":[{"id":262,"href":"https:\/\/ferto-hansag.effixdev.com\/en\/wp-json\/wp\/v2\/pages\/159\/revisions\/262"}],"wp:attachment":[{"href":"https:\/\/ferto-hansag.effixdev.com\/en\/wp-json\/wp\/v2\/media?parent=159"}],"curies":[{"name":"wp","href":"https:\/\/api.w.org\/{rel}","templated":true}]}}