{"id":17,"date":"2023-12-04T15:20:55","date_gmt":"2023-12-04T14:20:55","guid":{"rendered":"https:\/\/ferto-hansag.effixdev.com\/?page_id=17"},"modified":"2024-02-25T11:48:44","modified_gmt":"2024-02-25T10:48:44","slug":"programok-vizen-es-szarazon","status":"publish","type":"page","link":"https:\/\/ferto-hansag.effixdev.com\/en\/programok-vizen-es-szarazon\/","title":{"rendered":"Programs on water and on land"},"content":{"rendered":"<p>By organizing various ecotourism programs, the Fert\u0151-Hans\u00e1g National Park Directorate provides an opportunity for those interested to get to know a specific landscape, its natural values, and its rich flora and fauna as much as possible. It is worth constantly monitoring our website or inquiring about our currently announced starting programs via our contact details. Of course, in the case of groups, it is possible to request a guided tour at a pre-arranged time.<\/p>\n<p>Our optional programs are varied. From the Sopron Mountains to the Fert\u0151 and Hans\u00e1g areas, in the protected areas around Szigetk\u00f6z and Pannonhalma, we offer fun-filled pastimes both on water and on land. Our offer includes canoeing and e-sailing as well as land hiking, bird watching, grouse hunting, cycling and walking tours, so all ages can find a program that suits their interests.<\/p>\n<p>Our programs on water and on land are popular locations for school groups, class trips, family and friend programs, and team-building training sessions.<\/p>\n<p>For each tour, it is recommended to wear comfortable clothing and footwear suitable for the weather and the nature of the program.<\/p>\n<p><strong>We hope to thank you soon as a participant in one of our programs!<\/strong><\/p>","protected":false},"excerpt":{"rendered":"<p>By organizing various ecotourism programs, the Fert\u0151-Hans\u00e1g National Park Directorate provides an opportunity for those interested to get to know&#8230;<\/p>\n","protected":false},"author":1,"featured_media":0,"parent":0,"menu_order":11,"comment_status":"closed","ping_status":"closed","template":"","meta":{"footnotes":""},"class_list":["post-17","page","type-page","status-publish","hentry"],"_links":{"self":[{"href":"https:\/\/ferto-hansag.effixdev.com\/en\/wp-json\/wp\/v2\/pages\/17","targetHints":{"allow":["GET"]}}],"collection":[{"href":"https:\/\/ferto-hansag.effixdev.com\/en\/wp-json\/wp\/v2\/pages"}],"about":[{"href":"https:\/\/ferto-hansag.effixdev.com\/en\/wp-json\/wp\/v2\/types\/page"}],"author":[{"embeddable":true,"href":"https:\/\/ferto-hansag.effixdev.com\/en\/wp-json\/wp\/v2\/users\/1"}],"replies":[{"embeddable":true,"href":"https:\/\/ferto-hansag.effixdev.com\/en\/wp-json\/wp\/v2\/comments?post=17"}],"version-history":[{"count":15,"href":"https:\/\/ferto-hansag.effixdev.com\/en\/wp-json\/wp\/v2\/pages\/17\/revisions"}],"predecessor-version":[{"id":309,"href":"https:\/\/ferto-hansag.effixdev.com\/en\/wp-json\/wp\/v2\/pages\/17\/revisions\/309"}],"wp:attachment":[{"href":"https:\/\/ferto-hansag.effixdev.com\/en\/wp-json\/wp\/v2\/media?parent=17"}],"curies":[{"name":"wp","href":"https:\/\/api.w.org\/{rel}","templated":true}]}}